{"id":9984,"date":"2026-05-05T20:56:39","date_gmt":"2026-05-05T20:56:39","guid":{"rendered":"https:\/\/www.cab.com.br\/?page_id=9984"},"modified":"2026-05-05T21:01:28","modified_gmt":"2026-05-05T21:01:28","slug":"como-funciona","status":"publish","type":"page","link":"https:\/\/www.cab.com.br\/?page_id=9984","title":{"rendered":"Giro de MTB"},"content":{"rendered":"\n<p>Para tirar o estresse da semana de trabalho e manter o seu treino em dia!<\/p>\n\n\n\n<p>Em cada Giro um trajeto diferente!<\/p>\n\n\n\n<p>Recomendado para quem j\u00e1 tem costume de pedalar em trechos off-road com todo tipo de terreno.<\/p>\n\n\n\n<p>Os Pedais acontecem no interior de S\u00e3o Paulo com cerca de 1h\/1h30 de deslocamento.<\/p>\n\n\n\n<p>Sempre em locais cercado de muito verde.<\/p>\n\n\n\n<p>Dist\u00e2ncias de 20k a 50k, com altimetrias variadas.<\/p>\n\n\n\n<p><strong>Como Funciona:<\/strong><\/p>\n\n\n\n<ul class=\"wp-block-list\">\n<li>Entre em contato<\/li>\n\n\n\n<li>Fa\u00e7a sua inscri\u00e7\u00e3o<\/li>\n\n\n\n<li>Enviamos todas informa\u00e7\u00f5es<\/li>\n\n\n\n<li>Nos encontramos no dia do Giro<\/li>\n\n\n\n<li>Pode ir conosco de Van ou com seu pr\u00f3prio ve\u00edculo<\/li>\n\n\n\n<li>Pedalamos e nos divertimos<\/li>\n<\/ul>\n\n\n\n<p><strong>Local do Encontro:<\/strong><\/p>\n\n\n\n<ul class=\"wp-block-list\">\n<li>Vai de Van, encontro em SP pr\u00f3ximo ao Metro Vila Mariana<\/li>\n\n\n\n<li>Vai de Carro encontro no local de inicio da trilha<\/li>\n<\/ul>\n\n\n\n<p><strong>Trajeto a Pedalar:<\/strong><\/p>\n\n\n\n<ul class=\"wp-block-list\">\n<li>Trajeto em terra batida, cascalho e trechos pavimentados<\/li>\n\n\n\n<li>Teremos subidas e descidas<\/li>\n\n\n\n<li>Pedal em um local rural<\/li>\n\n\n\n<li>Trajeto seguro e previamente reconhecido<\/li>\n\n\n\n<li>Com estrutura para se preparar antes do Pedal<\/li>\n<\/ul>\n\n\n\n<p><strong>O que est\u00e1 incluso:<\/strong><\/p>\n\n\n\n<ul class=\"wp-block-list\">\n<li>Transporte em Van Executiva Luxo (caso solicitar)<\/li>\n\n\n\n<li>Transporte da sua Bike (caso solicitar)<\/li>\n\n\n\n<li>Profissional acompanhando o grupo<\/li>\n\n\n\n<li>Apoio mec\u00e2nico b\u00e1sico e primeiros socorros<\/li>\n\n\n\n<li>Kit guloseimas (frutas, barrinhas, pa\u00e7oquinha e etc)<\/li>\n\n\n\n<li>Se precisar acionamos um ve\u00edculo resgate com custo adicional<\/li>\n<\/ul>\n","protected":false},"excerpt":{"rendered":"<p>Para tirar o estresse da semana de trabalho e manter o seu treino em dia! Em cada Giro um trajeto diferente! Recomendado para quem j\u00e1 tem costume de pedalar em<\/p>\n","protected":false},"author":1,"featured_media":0,"parent":0,"menu_order":0,"comment_status":"closed","ping_status":"closed","template":"","meta":{"footnotes":""},"class_list":["post-9984","page","type-page","status-publish","hentry"],"_links":{"self":[{"href":"https:\/\/www.cab.com.br\/index.php?rest_route=\/wp\/v2\/pages\/9984","targetHints":{"allow":["GET"]}}],"collection":[{"href":"https:\/\/www.cab.com.br\/index.php?rest_route=\/wp\/v2\/pages"}],"about":[{"href":"https:\/\/www.cab.com.br\/index.php?rest_route=\/wp\/v2\/types\/page"}],"author":[{"embeddable":true,"href":"https:\/\/www.cab.com.br\/index.php?rest_route=\/wp\/v2\/users\/1"}],"replies":[{"embeddable":true,"href":"https:\/\/www.cab.com.br\/index.php?rest_route=%2Fwp%2Fv2%2Fcomments&post=9984"}],"version-history":[{"count":6,"href":"https:\/\/www.cab.com.br\/index.php?rest_route=\/wp\/v2\/pages\/9984\/revisions"}],"predecessor-version":[{"id":9992,"href":"https:\/\/www.cab.com.br\/index.php?rest_route=\/wp\/v2\/pages\/9984\/revisions\/9992"}],"wp:attachment":[{"href":"https:\/\/www.cab.com.br\/index.php?rest_route=%2Fwp%2Fv2%2Fmedia&parent=9984"}],"curies":[{"name":"wp","href":"https:\/\/api.w.org\/{rel}","templated":true}]}}